{"id":324,"date":"2023-01-18T08:11:24","date_gmt":"2023-01-18T07:11:24","guid":{"rendered":"https:\/\/www.africahtbs.com\/?page_id=324"},"modified":"2024-09-11T11:12:18","modified_gmt":"2024-09-11T10:12:18","slug":"galerie","status":"publish","type":"page","link":"https:\/\/www.africahtbs.com\/en\/galerie\/","title":{"rendered":"Galerie"},"content":{"rendered":"<div data-elementor-type=\"wp-page\" data-elementor-id=\"324\" class=\"elementor elementor-324\">\n\t\t\t\t\t\t<section class=\"elementor-section elementor-top-section elementor-element elementor-element-c9e2f49 elementor-section-boxed elementor-section-height-default elementor-section-height-default\" data-id=\"c9e2f49\" data-element_type=\"section\">\n\t\t\t\t\t\t<div class=\"elementor-container elementor-column-gap-default\">\n\t\t\t\t\t<div class=\"elementor-column elementor-col-50 elementor-top-column elementor-element elementor-element-af77918\" data-id=\"af77918\" data-element_type=\"column\">\n\t\t\t<div class=\"elementor-widget-wrap elementor-element-populated\">\n\t\t\t\t\t\t<div class=\"elementor-element elementor-element-0733e05 elementor-widget elementor-widget-image\" data-id=\"0733e05\" data-element_type=\"widget\" data-widget_type=\"image.default\">\n\t\t\t\t<div class=\"elementor-widget-container\">\n\t\t\t\t\t\t\t\t\t\t<figure class=\"wp-caption\">\n\t\t\t\t\t\t\t\t\t\t<img fetchpriority=\"high\" decoding=\"async\" width=\"1024\" height=\"768\" src=\"https:\/\/i0.wp.com\/www.africahtbs.com\/wp-content\/uploads\/2023\/01\/recoltepmt.jpg?fit=1024%2C768&amp;ssl=1\" class=\"attachment-large size-large wp-image-411\" alt=\"\" srcset=\"https:\/\/i0.wp.com\/www.africahtbs.com\/wp-content\/uploads\/2023\/01\/recoltepmt.jpg?w=1080&amp;ssl=1 1080w, https:\/\/i0.wp.com\/www.africahtbs.com\/wp-content\/uploads\/2023\/01\/recoltepmt.jpg?resize=300%2C225&amp;ssl=1 300w, https:\/\/i0.wp.com\/www.africahtbs.com\/wp-content\/uploads\/2023\/01\/recoltepmt.jpg?resize=1024%2C768&amp;ssl=1 1024w, https:\/\/i0.wp.com\/www.africahtbs.com\/wp-content\/uploads\/2023\/01\/recoltepmt.jpg?resize=768%2C576&amp;ssl=1 768w, https:\/\/i0.wp.com\/www.africahtbs.com\/wp-content\/uploads\/2023\/01\/recoltepmt.jpg?resize=16%2C12&amp;ssl=1 16w, https:\/\/i0.wp.com\/www.africahtbs.com\/wp-content\/uploads\/2023\/01\/recoltepmt.jpg?resize=1000%2C750&amp;ssl=1 1000w, https:\/\/i0.wp.com\/www.africahtbs.com\/wp-content\/uploads\/2023\/01\/recoltepmt.jpg?resize=230%2C173&amp;ssl=1 230w, https:\/\/i0.wp.com\/www.africahtbs.com\/wp-content\/uploads\/2023\/01\/recoltepmt.jpg?resize=350%2C263&amp;ssl=1 350w, https:\/\/i0.wp.com\/www.africahtbs.com\/wp-content\/uploads\/2023\/01\/recoltepmt.jpg?resize=480%2C360&amp;ssl=1 480w\" sizes=\"(max-width: 1024px) 100vw, 1024px\" \/>\t\t\t\t\t\t\t\t\t\t\t<figcaption class=\"widget-image-caption wp-caption-text\">R\u00e9colte des pommes de terre dans le territoire de Masisi lors de la premi\u00e8re saison culturale de l'ann\u00e9e 2022<\/figcaption>\n\t\t\t\t\t\t\t\t\t\t<\/figure>\n\t\t\t\t\t\t\t<\/div>\n\t\t\t\t<\/div>\n\t\t\t\t\t<\/div>\n\t\t<\/div>\n\t\t\t\t<div class=\"elementor-column elementor-col-50 elementor-top-column elementor-element elementor-element-0c7ecb7\" data-id=\"0c7ecb7\" data-element_type=\"column\">\n\t\t\t<div class=\"elementor-widget-wrap elementor-element-populated\">\n\t\t\t\t\t\t<div class=\"elementor-element elementor-element-4a9b8be elementor-widget elementor-widget-image\" data-id=\"4a9b8be\" data-element_type=\"widget\" data-widget_type=\"image.default\">\n\t\t\t\t<div class=\"elementor-widget-container\">\n\t\t\t\t\t\t\t\t\t\t\t\t\t<img decoding=\"async\" width=\"1024\" height=\"768\" src=\"https:\/\/i0.wp.com\/www.africahtbs.com\/wp-content\/uploads\/2023\/01\/IMG_20230112_120541_6921.jpg?fit=1024%2C768&amp;ssl=1\" class=\"attachment-large size-large wp-image-410\" alt=\"\" srcset=\"https:\/\/i0.wp.com\/www.africahtbs.com\/wp-content\/uploads\/2023\/01\/IMG_20230112_120541_6921.jpg?w=1080&amp;ssl=1 1080w, https:\/\/i0.wp.com\/www.africahtbs.com\/wp-content\/uploads\/2023\/01\/IMG_20230112_120541_6921.jpg?resize=300%2C225&amp;ssl=1 300w, https:\/\/i0.wp.com\/www.africahtbs.com\/wp-content\/uploads\/2023\/01\/IMG_20230112_120541_6921.jpg?resize=1024%2C768&amp;ssl=1 1024w, https:\/\/i0.wp.com\/www.africahtbs.com\/wp-content\/uploads\/2023\/01\/IMG_20230112_120541_6921.jpg?resize=768%2C576&amp;ssl=1 768w, https:\/\/i0.wp.com\/www.africahtbs.com\/wp-content\/uploads\/2023\/01\/IMG_20230112_120541_6921.jpg?resize=16%2C12&amp;ssl=1 16w, https:\/\/i0.wp.com\/www.africahtbs.com\/wp-content\/uploads\/2023\/01\/IMG_20230112_120541_6921.jpg?resize=1000%2C750&amp;ssl=1 1000w, https:\/\/i0.wp.com\/www.africahtbs.com\/wp-content\/uploads\/2023\/01\/IMG_20230112_120541_6921.jpg?resize=230%2C173&amp;ssl=1 230w, https:\/\/i0.wp.com\/www.africahtbs.com\/wp-content\/uploads\/2023\/01\/IMG_20230112_120541_6921.jpg?resize=350%2C263&amp;ssl=1 350w, https:\/\/i0.wp.com\/www.africahtbs.com\/wp-content\/uploads\/2023\/01\/IMG_20230112_120541_6921.jpg?resize=480%2C360&amp;ssl=1 480w\" sizes=\"(max-width: 1024px) 100vw, 1024px\" \/>\t\t\t\t\t\t\t\t\t\t\t\t\t<\/div>\n\t\t\t\t<\/div>\n\t\t\t\t\t<\/div>\n\t\t<\/div>\n\t\t\t\t\t<\/div>\n\t\t<\/section>\n\t\t\t\t<section class=\"elementor-section elementor-top-section elementor-element elementor-element-313deea elementor-section-boxed elementor-section-height-default elementor-section-height-default\" data-id=\"313deea\" data-element_type=\"section\">\n\t\t\t\t\t\t<div class=\"elementor-container elementor-column-gap-default\">\n\t\t\t\t\t<div class=\"elementor-column elementor-col-50 elementor-top-column elementor-element elementor-element-e0c896c\" data-id=\"e0c896c\" data-element_type=\"column\">\n\t\t\t<div class=\"elementor-widget-wrap elementor-element-populated\">\n\t\t\t\t\t\t<div class=\"elementor-element elementor-element-516a17b elementor-widget elementor-widget-image\" data-id=\"516a17b\" data-element_type=\"widget\" data-widget_type=\"image.default\">\n\t\t\t\t<div class=\"elementor-widget-container\">\n\t\t\t\t\t\t\t\t\t\t<figure class=\"wp-caption\">\n\t\t\t\t\t\t\t\t\t\t<img decoding=\"async\" width=\"990\" height=\"440\" src=\"https:\/\/i0.wp.com\/www.africahtbs.com\/wp-content\/uploads\/2024\/09\/photosite-1-e1726047686849.jpeg?fit=990%2C440&amp;ssl=1\" class=\"attachment-large size-large wp-image-456\" alt=\"\" srcset=\"https:\/\/i0.wp.com\/www.africahtbs.com\/wp-content\/uploads\/2024\/09\/photosite-1-e1726047686849.jpeg?w=990&amp;ssl=1 990w, https:\/\/i0.wp.com\/www.africahtbs.com\/wp-content\/uploads\/2024\/09\/photosite-1-e1726047686849.jpeg?resize=300%2C133&amp;ssl=1 300w, https:\/\/i0.wp.com\/www.africahtbs.com\/wp-content\/uploads\/2024\/09\/photosite-1-e1726047686849.jpeg?resize=768%2C341&amp;ssl=1 768w, https:\/\/i0.wp.com\/www.africahtbs.com\/wp-content\/uploads\/2024\/09\/photosite-1-e1726047686849.jpeg?resize=18%2C8&amp;ssl=1 18w, https:\/\/i0.wp.com\/www.africahtbs.com\/wp-content\/uploads\/2024\/09\/photosite-1-e1726047686849.jpeg?resize=230%2C102&amp;ssl=1 230w, https:\/\/i0.wp.com\/www.africahtbs.com\/wp-content\/uploads\/2024\/09\/photosite-1-e1726047686849.jpeg?resize=350%2C156&amp;ssl=1 350w, https:\/\/i0.wp.com\/www.africahtbs.com\/wp-content\/uploads\/2024\/09\/photosite-1-e1726047686849.jpeg?resize=480%2C213&amp;ssl=1 480w\" sizes=\"(max-width: 990px) 100vw, 990px\" \/>\t\t\t\t\t\t\t\t\t\t\t<figcaption class=\"widget-image-caption wp-caption-text\">Aper\u00e7u de l'un de nos champs pilotes<\/figcaption>\n\t\t\t\t\t\t\t\t\t\t<\/figure>\n\t\t\t\t\t\t\t<\/div>\n\t\t\t\t<\/div>\n\t\t\t\t\t<\/div>\n\t\t<\/div>\n\t\t\t\t<div class=\"elementor-column elementor-col-25 elementor-top-column elementor-element elementor-element-5d17d5d\" data-id=\"5d17d5d\" data-element_type=\"column\">\n\t\t\t<div class=\"elementor-widget-wrap elementor-element-populated\">\n\t\t\t\t\t\t<div class=\"elementor-element elementor-element-6357b0b elementor-widget elementor-widget-image\" data-id=\"6357b0b\" data-element_type=\"widget\" data-widget_type=\"image.default\">\n\t\t\t\t<div class=\"elementor-widget-container\">\n\t\t\t\t\t\t\t\t\t\t\t\t\t<img loading=\"lazy\" decoding=\"async\" width=\"300\" height=\"163\" src=\"https:\/\/i0.wp.com\/www.africahtbs.com\/wp-content\/uploads\/2023\/01\/Potatoes1-002-2-e1726048870880.webp?fit=300%2C163&amp;ssl=1\" class=\"attachment-large size-large wp-image-307\" alt=\"\" srcset=\"https:\/\/i0.wp.com\/www.africahtbs.com\/wp-content\/uploads\/2023\/01\/Potatoes1-002-2-e1726048870880.webp?w=300&amp;ssl=1 300w, https:\/\/i0.wp.com\/www.africahtbs.com\/wp-content\/uploads\/2023\/01\/Potatoes1-002-2-e1726048870880.webp?resize=18%2C10&amp;ssl=1 18w, https:\/\/i0.wp.com\/www.africahtbs.com\/wp-content\/uploads\/2023\/01\/Potatoes1-002-2-e1726048870880.webp?resize=230%2C125&amp;ssl=1 230w\" sizes=\"(max-width: 300px) 100vw, 300px\" \/>\t\t\t\t\t\t\t\t\t\t\t\t\t<\/div>\n\t\t\t\t<\/div>\n\t\t\t\t\t<\/div>\n\t\t<\/div>\n\t\t\t\t<div class=\"elementor-column elementor-col-25 elementor-top-column elementor-element elementor-element-a868efd\" data-id=\"a868efd\" data-element_type=\"column\">\n\t\t\t<div class=\"elementor-widget-wrap elementor-element-populated\">\n\t\t\t\t\t\t<div class=\"elementor-element elementor-element-96b470e elementor-widget elementor-widget-image\" data-id=\"96b470e\" data-element_type=\"widget\" data-widget_type=\"image.default\">\n\t\t\t\t<div class=\"elementor-widget-container\">\n\t\t\t\t\t\t\t\t\t\t<figure class=\"wp-caption\">\n\t\t\t\t\t\t\t\t\t\t<img loading=\"lazy\" decoding=\"async\" width=\"936\" height=\"656\" src=\"https:\/\/i0.wp.com\/www.africahtbs.com\/wp-content\/uploads\/2023\/01\/agribus-2.webp?fit=936%2C656&amp;ssl=1\" class=\"attachment-large size-large wp-image-416\" alt=\"\" srcset=\"https:\/\/i0.wp.com\/www.africahtbs.com\/wp-content\/uploads\/2023\/01\/agribus-2.webp?w=936&amp;ssl=1 936w, https:\/\/i0.wp.com\/www.africahtbs.com\/wp-content\/uploads\/2023\/01\/agribus-2.webp?resize=300%2C210&amp;ssl=1 300w, https:\/\/i0.wp.com\/www.africahtbs.com\/wp-content\/uploads\/2023\/01\/agribus-2.webp?resize=768%2C538&amp;ssl=1 768w, https:\/\/i0.wp.com\/www.africahtbs.com\/wp-content\/uploads\/2023\/01\/agribus-2.webp?resize=18%2C12&amp;ssl=1 18w, https:\/\/i0.wp.com\/www.africahtbs.com\/wp-content\/uploads\/2023\/01\/agribus-2.webp?resize=230%2C161&amp;ssl=1 230w, https:\/\/i0.wp.com\/www.africahtbs.com\/wp-content\/uploads\/2023\/01\/agribus-2.webp?resize=350%2C245&amp;ssl=1 350w, https:\/\/i0.wp.com\/www.africahtbs.com\/wp-content\/uploads\/2023\/01\/agribus-2.webp?resize=480%2C336&amp;ssl=1 480w\" sizes=\"(max-width: 936px) 100vw, 936px\" \/>\t\t\t\t\t\t\t\t\t\t\t<figcaption class=\"widget-image-caption wp-caption-text\">VISION<\/figcaption>\n\t\t\t\t\t\t\t\t\t\t<\/figure>\n\t\t\t\t\t\t\t<\/div>\n\t\t\t\t<\/div>\n\t\t\t\t\t<\/div>\n\t\t<\/div>\n\t\t\t\t\t<\/div>\n\t\t<\/section>\n\t\t\t\t<\/div>","protected":false},"excerpt":{"rendered":"<p>R\u00e9colte des pommes de terre dans le territoire de Masisi lors de la premi\u00e8re saison culturale de l&rsquo;ann\u00e9e 2022 Aper\u00e7u de l&rsquo;un [&hellip;]<\/p>\n","protected":false},"author":4,"featured_media":0,"parent":0,"menu_order":0,"comment_status":"closed","ping_status":"closed","template":"","meta":{"footnotes":""},"class_list":["post-324","page","type-page","status-publish","hentry"],"jetpack_sharing_enabled":true,"_links":{"self":[{"href":"https:\/\/www.africahtbs.com\/en\/wp-json\/wp\/v2\/pages\/324","targetHints":{"allow":["GET"]}}],"collection":[{"href":"https:\/\/www.africahtbs.com\/en\/wp-json\/wp\/v2\/pages"}],"about":[{"href":"https:\/\/www.africahtbs.com\/en\/wp-json\/wp\/v2\/types\/page"}],"author":[{"embeddable":true,"href":"https:\/\/www.africahtbs.com\/en\/wp-json\/wp\/v2\/users\/4"}],"replies":[{"embeddable":true,"href":"https:\/\/www.africahtbs.com\/en\/wp-json\/wp\/v2\/comments?post=324"}],"version-history":[{"count":6,"href":"https:\/\/www.africahtbs.com\/en\/wp-json\/wp\/v2\/pages\/324\/revisions"}],"predecessor-version":[{"id":478,"href":"https:\/\/www.africahtbs.com\/en\/wp-json\/wp\/v2\/pages\/324\/revisions\/478"}],"wp:attachment":[{"href":"https:\/\/www.africahtbs.com\/en\/wp-json\/wp\/v2\/media?parent=324"}],"curies":[{"name":"wp","href":"https:\/\/api.w.org\/{rel}","templated":true}]}}